{"id":1477,"date":"2026-03-20T07:57:51","date_gmt":"2026-03-20T07:57:51","guid":{"rendered":"https:\/\/terapieandrea.com\/?page_id=1477"},"modified":"2026-04-11T20:45:49","modified_gmt":"2026-04-11T18:45:49","slug":"kontakt","status":"publish","type":"page","link":"https:\/\/terapieandrea.com\/?page_id=1477","title":{"rendered":"kontakt"},"content":{"rendered":"<style>.kb-row-layout-id1477_0ce141-88 > .kt-row-column-wrap{align-content:start;}:where(.kb-row-layout-id1477_0ce141-88 > .kt-row-column-wrap) > .wp-block-kadence-column{justify-content:start;}.kb-row-layout-id1477_0ce141-88 > .kt-row-column-wrap{column-gap:var(--global-kb-gap-none, 0rem );row-gap:var(--global-kb-gap-md, 2rem);max-width:948px;margin-left:auto;margin-right:auto;padding-top:var(--global-kb-spacing-xl, 4rem);padding-bottom:var(--global-kb-spacing-xxl, 5rem);grid-template-columns:minmax(0, 1fr);}.kb-row-layout-id1477_0ce141-88 > .kt-row-layout-overlay{opacity:0.30;}.kb-row-layout-id1477_0ce141-88 ,.kb-row-layout-id1477_0ce141-88 h1,.kb-row-layout-id1477_0ce141-88 h2,.kb-row-layout-id1477_0ce141-88 h3,.kb-row-layout-id1477_0ce141-88 h4,.kb-row-layout-id1477_0ce141-88 h5,.kb-row-layout-id1477_0ce141-88 h6{color:var(--global-palette12, #3182CE);}.kb-row-layout-id1477_0ce141-88 a{color:var(--global-palette1, #3182CE);}.kb-row-layout-id1477_0ce141-88 a:hover{color:var(--global-palette2, #2B6CB0);}@media all and (max-width: 1024px){.kb-row-layout-id1477_0ce141-88 > .kt-row-column-wrap{row-gap:var(--global-kb-gap-sm, 1rem);padding-top:var(--global-kb-spacing-xxs, 0.5rem);grid-template-columns:minmax(0, 1fr);}}@media all and (max-width: 767px){.kb-row-layout-id1477_0ce141-88 > .kt-row-column-wrap{row-gap:var(--global-kb-gap-sm, 1rem);padding-top:var(--global-kb-spacing-xs, 1rem);grid-template-columns:minmax(0, 1fr);}}<\/style><div class=\"kb-row-layout-wrap kb-row-layout-id1477_0ce141-88 alignfull has-theme-palette9-background-color kt-row-has-bg wp-block-kadence-rowlayout\"><div class=\"kt-row-column-wrap kt-has-2-columns kt-row-layout-row kt-tab-layout-row kt-mobile-layout-row kt-row-valign-top\">\n<style>.kadence-column1477_491718-6c > .kt-inside-inner-col{display:flex;}.kadence-column1477_491718-6c > .kt-inside-inner-col,.kadence-column1477_491718-6c > .kt-inside-inner-col:before{border-top-left-radius:0px;border-top-right-radius:0px;border-bottom-right-radius:0px;border-bottom-left-radius:0px;}.kadence-column1477_491718-6c > .kt-inside-inner-col{row-gap:var(--global-kb-gap-none, 0rem );column-gap:var(--global-kb-gap-sm, 1rem);}.kadence-column1477_491718-6c > .kt-inside-inner-col{flex-direction:column;justify-content:center;align-items:center;}.kadence-column1477_491718-6c > .kt-inside-inner-col > .kb-image-is-ratio-size{align-self:stretch;}.kadence-column1477_491718-6c > .kt-inside-inner-col > .wp-block-kadence-advancedgallery{align-self:stretch;}.kadence-column1477_491718-6c > .kt-inside-inner-col > .aligncenter{width:100%;}.kt-row-column-wrap > .kadence-column1477_491718-6c{align-self:center;}.kt-inner-column-height-full:not(.kt-has-1-columns) > .wp-block-kadence-column.kadence-column1477_491718-6c{align-self:auto;}.kt-inner-column-height-full:not(.kt-has-1-columns) > .wp-block-kadence-column.kadence-column1477_491718-6c > .kt-inside-inner-col{flex-direction:column;justify-content:center;}.kadence-column1477_491718-6c > .kt-inside-inner-col:before{opacity:0.3;}.kadence-column1477_491718-6c{position:relative;}@media all and (max-width: 1024px){.kadence-column1477_491718-6c > .kt-inside-inner-col{min-height:0px;row-gap:var(--global-kb-gap-none, 0rem );flex-direction:column;justify-content:center;align-items:center;}}@media all and (max-width: 1024px){.kt-row-column-wrap > .kadence-column1477_491718-6c{align-self:center;}}@media all and (max-width: 1024px){.kt-inner-column-height-full:not(.kt-has-1-columns) > .wp-block-kadence-column.kadence-column1477_491718-6c{align-self:auto;}}@media all and (max-width: 1024px){.kt-inner-column-height-full:not(.kt-has-1-columns) > .wp-block-kadence-column.kadence-column1477_491718-6c > .kt-inside-inner-col{flex-direction:column;justify-content:center;}}@media all and (max-width: 767px){.kadence-column1477_491718-6c, .wp-block-kadence-column.kb-section-dir-horizontal > .kt-inside-inner-col > .kadence-column1477_491718-6c{flex-grow:83;}.kadence-column1477_491718-6c > .kt-inside-inner-col{height:100%;padding-top:0px;padding-bottom:0px;min-height:0px;flex-direction:column;justify-content:flex-start;align-items:center;}.kt-row-column-wrap > .kadence-column1477_491718-6c{align-self:flex-start;}.kt-inner-column-height-full:not(.kt-has-1-columns) > .wp-block-kadence-column.kadence-column1477_491718-6c{align-self:auto;}.kt-inner-column-height-full:not(.kt-has-1-columns) > .wp-block-kadence-column.kadence-column1477_491718-6c > .kt-inside-inner-col{flex-direction:column;justify-content:flex-start;}.kt-row-column-wrap.kt-mobile-layout-three-grid > .kadence-column1477_491718-6c, .kt-row-column-wrap.kt-mobile-layout-two-grid > .kadence-column1477_491718-6c, .kt-row-column-wrap.kt-mobile-layout-row > .kadence-column1477_491718-6c{order:0 !important;}.kadence-column1477_491718-6c, .kt-inside-inner-col > .kadence-column1477_491718-6c:not(.specificity){margin-top:0px;margin-bottom:0px;}}<\/style>\n<div class=\"wp-block-kadence-column kadence-column1477_491718-6c inner-column-1\"><div class=\"kt-inside-inner-col\"><\/div><\/div>\n\n\n<style>.kadence-column1477_fa2241-7c > .kt-inside-inner-col,.kadence-column1477_fa2241-7c > .kt-inside-inner-col:before{border-top-left-radius:0px;border-top-right-radius:0px;border-bottom-right-radius:0px;border-bottom-left-radius:0px;}.kadence-column1477_fa2241-7c > .kt-inside-inner-col{column-gap:var(--global-kb-gap-sm, 1rem);}.kadence-column1477_fa2241-7c > .kt-inside-inner-col{flex-direction:column;}.kadence-column1477_fa2241-7c > .kt-inside-inner-col > .aligncenter{width:100%;}.kadence-column1477_fa2241-7c > .kt-inside-inner-col:before{opacity:0.3;}.kadence-column1477_fa2241-7c{position:relative;}@media all and (max-width: 1024px){.kadence-column1477_fa2241-7c > .kt-inside-inner-col{flex-direction:column;justify-content:center;}}@media all and (max-width: 767px){.kadence-column1477_fa2241-7c > .kt-inside-inner-col{flex-direction:column;justify-content:center;}}<\/style>\n<div class=\"wp-block-kadence-column kadence-column1477_fa2241-7c inner-column-2\"><div class=\"kt-inside-inner-col\"><style>.kadence-form-1477_b893c3-2d .kb-form .kadence-blocks-form-field{margin-bottom:24px;}.kadence-form-1477_b893c3-2d .kb-form .kadence-blocks-form-field{padding-right:12px;padding-left:12px;}.kadence-form-1477_b893c3-2d .kb-form{margin-right:-12px;margin-left:-12px;}.kadence-form-1477_b893c3-2d .kb-form .kadence-blocks-form-field label .required{color:var(--global-palette12, #3182CE);}.kadence-form-1477_b893c3-2d .kb-form .kadence-blocks-form-field .kb-text-style-field, .kadence-form-1477_b893c3-2d .kb-form .kadence-blocks-form-field .kb-select-style-field{color:#58361f;border-radius:0px;font-size:var(--global-kb-font-size-sm, 0.9rem);border-width:0px 0px 1px 0px;background:var(--global-palette9, #ffffff);border-color:var(--global-palette2, #2B6CB0);}.kadence-form-1477_b893c3-2d .kb-form .kadence-blocks-form-field > label{color:#58361f;font-size:var(--global-kb-font-size-sm, 0.9rem);text-transform:uppercase;}.kadence-form-1477_b893c3-2d .kb-form .kadence-blocks-form-field .kb-forms-submit{color:#58361f;border-radius:15px;border-width:12px 12px 12px 12px;background:var(--global-palette7, #EDF2F7);border-color:#58361f;}.kadence-form-1477_b893c3-2d .kb-form .kadence-blocks-form-field .kb-forms-submit{font-size:var(--global-kb-font-size-sm, 0.9rem);text-transform:uppercase;}.kadence-form-1477_b893c3-2d .kadence-blocks-form-warning{color:#e46565;border-color:rgba(0,0,0,0);background:rgba(0, 0, 0, 0);}.kadence-form-1477_b893c3-2d .kadence-blocks-form-message, .kadence-form-1477_b893c3-2d .kb-form-error-msg{font-size:var(--global-kb-font-size-sm, 0.9rem);}.kb-form input.kadence-blocks-field.verify{opacity:0.0;position:absolute;top:0.0;left:0.0;width:0.0;height:0.0;z-index:-1;}<\/style>\n<div class=\"wp-block-kadence-form kadence-form-1477_b893c3-2d kb-form-wrap\"><form class=\"kb-form\" action=\"\" method=\"post\"><div class=\"kadence-blocks-form-field kb-field-desk-width-50 kb-input-size-standard\"><label for=\"kb_field_1477_b893c3-2d_0\">Jm\u00e9no a p\u0159\u00edjmen\u00ed<span class=\"required\">*<\/span><\/label><input name=\"kb_field_0\" id=\"kb_field_1477_b893c3-2d_0\" data-label=\"Jm\u00e9no a p\u0159\u00edjmen\u00ed\" type=\"text\" placeholder=\"\" value=\"\" data-type=\"text\" class=\"kb-field kb-text-style-field kb-text-field kb-field-0\" data-required=\"yes\"\/><\/div><div class=\"kadence-blocks-form-field kb-form-field-1 kb-field-desk-width-100 kb-input-size-standard\"><label for=\"kb_field_1477_b893c3-2d_1\">Email<span class=\"required\">*<\/span><\/label><input name=\"kb_field_1\" id=\"kb_field_1477_b893c3-2d_1\" data-label=\"Email\" type=\"email\" placeholder=\"\" value=\"\" data-type=\"email\" class=\"kb-field kb-text-style-field kb-email-field kb-field-1\" data-required=\"yes\"\/><\/div><div class=\"kadence-blocks-form-field kb-form-field-2 kb-field-desk-width-100 kb-input-size-standard\"><label for=\"kb_field_1477_b893c3-2d_2\">Zpr\u00e1va pro terapeuta<span class=\"required\">*<\/span><\/label><textarea name=\"kb_field_2\" id=\"kb_field_1477_b893c3-2d_2\" data-label=\"Zpr\u00e1va pro terapeuta\" type=\"textarea\" placeholder=\"\" data-type=\"textarea\" class=\"kb-field kb-text-style-field kb-textarea-field kb-field-2\" rows=\"4\" data-required=\"yes\"><\/textarea><\/div><input type=\"hidden\" name=\"_kb_form_id\" value=\"1477_b893c3-2d\"\/><input type=\"hidden\" name=\"_kb_form_post_id\" value=\"1477\"\/><input type=\"hidden\" name=\"action\" value=\"kb_process_ajax_submit\"\/><label class=\"kadence-verify-label\">Email<input class=\"kadence-blocks-field verify\" type=\"text\" name=\"_kb_verify_email\" autocomplete=\"new-password\" aria-hidden=\"true\" placeholder=\"Email\" tabindex=\"-1\" data-1p-ignore=\"true\" data-lpignore=\"true\" \/><\/label><div class=\"kadence-blocks-form-field kb-submit-field kb-field-desk-width-100\"><button class=\"kb-forms-submit button kb-button-size-standard kb-button-width-auto\"><strong>poslat<\/strong><\/button><\/div><\/form><\/div>\n<noscript><div class=\"kadence-blocks-form-message kadence-blocks-form-warning\">Activar JavaScript en tu navegador para enviar el formulario<\/div><style>.kadence-form-1477_b893c3-2d .kadence-blocks-form-field.kb-submit-field { display: none; }<\/style><\/noscript><\/div><\/div>\n\n<\/div><\/div>","protected":false},"excerpt":{"rendered":"","protected":false},"author":1,"featured_media":0,"parent":0,"menu_order":0,"comment_status":"closed","ping_status":"closed","template":"","meta":{"_kadence_starter_templates_imported_post":false,"_kad_post_transparent":"","_kad_post_title":"","_kad_post_layout":"","_kad_post_sidebar_id":"","_kad_post_content_style":"","_kad_post_vertical_padding":"","_kad_post_feature":"","_kad_post_feature_position":"","_kad_post_header":false,"_kad_post_footer":false,"_kad_post_classname":"","footnotes":""},"class_list":["post-1477","page","type-page","status-publish","hentry"],"_hostinger_reach_plugin_has_subscription_block":false,"_hostinger_reach_plugin_is_elementor":false,"_links":{"self":[{"href":"https:\/\/terapieandrea.com\/index.php?rest_route=\/wp\/v2\/pages\/1477","targetHints":{"allow":["GET"]}}],"collection":[{"href":"https:\/\/terapieandrea.com\/index.php?rest_route=\/wp\/v2\/pages"}],"about":[{"href":"https:\/\/terapieandrea.com\/index.php?rest_route=\/wp\/v2\/types\/page"}],"author":[{"embeddable":true,"href":"https:\/\/terapieandrea.com\/index.php?rest_route=\/wp\/v2\/users\/1"}],"replies":[{"embeddable":true,"href":"https:\/\/terapieandrea.com\/index.php?rest_route=%2Fwp%2Fv2%2Fcomments&post=1477"}],"version-history":[{"count":21,"href":"https:\/\/terapieandrea.com\/index.php?rest_route=\/wp\/v2\/pages\/1477\/revisions"}],"predecessor-version":[{"id":1993,"href":"https:\/\/terapieandrea.com\/index.php?rest_route=\/wp\/v2\/pages\/1477\/revisions\/1993"}],"wp:attachment":[{"href":"https:\/\/terapieandrea.com\/index.php?rest_route=%2Fwp%2Fv2%2Fmedia&parent=1477"}],"curies":[{"name":"wp","href":"https:\/\/api.w.org\/{rel}","templated":true}]}}