{"id":1592,"date":"2026-03-25T11:51:03","date_gmt":"2026-03-25T11:51:03","guid":{"rendered":"https:\/\/terapieandrea.com\/?page_id=1592"},"modified":"2026-04-19T16:45:22","modified_gmt":"2026-04-19T14:45:22","slug":"terapie-leto-a-skoly","status":"publish","type":"page","link":"https:\/\/terapieandrea.com\/?page_id=1592","title":{"rendered":"Letn\u00ed program pro teenagery 2026"},"content":{"rendered":"<style>.kb-row-layout-id1592_27d209-74 > .kt-row-column-wrap{align-content:center;}:where(.kb-row-layout-id1592_27d209-74 > .kt-row-column-wrap) > .wp-block-kadence-column{justify-content:center;}.kb-row-layout-id1592_27d209-74 > .kt-row-column-wrap{column-gap:var(--global-kb-gap-none, 0rem );row-gap:var(--global-kb-gap-md, 2rem);max-width:var( --global-content-width, 1290px );padding-left:var(--global-content-edge-padding);padding-right:var(--global-content-edge-padding);padding-top:var(--global-kb-spacing-lg, 3rem);padding-bottom:var(--global-kb-spacing-xxl, 5rem);grid-template-columns:repeat(2, minmax(0, 1fr));}.kb-row-layout-id1592_27d209-74 > .kt-row-layout-overlay{opacity:0.30;}@media all and (max-width: 1024px){.kb-row-layout-id1592_27d209-74 > .kt-row-column-wrap{grid-template-columns:repeat(2, minmax(0, 1fr));}}@media all and (max-width: 767px){.kb-row-layout-id1592_27d209-74 > .kt-row-column-wrap{grid-template-columns:minmax(0, 1fr);}}<\/style><div class=\"kb-row-layout-wrap kb-row-layout-id1592_27d209-74 alignnone has-theme-palette9-background-color kt-row-has-bg wp-block-kadence-rowlayout\"><div class=\"kt-row-column-wrap kt-has-2-columns kt-row-layout-equal kt-tab-layout-inherit kt-mobile-layout-row kt-row-valign-middle kb-theme-content-width\">\n<style>.kadence-column1592_df8435-11 > .kt-inside-inner-col,.kadence-column1592_df8435-11 > .kt-inside-inner-col:before{border-top-left-radius:0px;border-top-right-radius:0px;border-bottom-right-radius:0px;border-bottom-left-radius:0px;}.kadence-column1592_df8435-11 > .kt-inside-inner-col{column-gap:var(--global-kb-gap-sm, 1rem);}.kadence-column1592_df8435-11 > .kt-inside-inner-col{flex-direction:column;}.kadence-column1592_df8435-11 > .kt-inside-inner-col > .aligncenter{width:100%;}.kadence-column1592_df8435-11 > .kt-inside-inner-col:before{opacity:0.3;}.kadence-column1592_df8435-11{position:relative;}.kadence-column1592_df8435-11, .kt-inside-inner-col > .kadence-column1592_df8435-11:not(.specificity){margin-right:var(--global-kb-spacing-xxl, 5rem);}@media all and (max-width: 1024px){.kadence-column1592_df8435-11 > .kt-inside-inner-col{padding-right:var(--global-kb-spacing-3xl, 6.5rem);padding-left:var(--global-kb-spacing-3xl, 6.5rem);flex-direction:column;justify-content:center;}}@media all and (max-width: 1024px){.kadence-column1592_df8435-11, .kt-inside-inner-col > .kadence-column1592_df8435-11:not(.specificity){margin-right:0px;margin-bottom:var(--global-kb-spacing-md, 2rem);}}@media all and (max-width: 767px){.kadence-column1592_df8435-11 > .kt-inside-inner-col{padding-right:var(--global-kb-spacing-xxs, 0.5rem);padding-left:var(--global-kb-spacing-xxs, 0.5rem);flex-direction:column;justify-content:center;}}<\/style>\n<div class=\"wp-block-kadence-column kadence-column1592_df8435-11 inner-column-1\"><div class=\"kt-inside-inner-col\">\n<figure class=\"wp-block-gallery has-nested-images columns-3 is-cropped wp-block-gallery-1 is-layout-flex wp-block-gallery-is-layout-flex\"><div class=\"wp-block-image\">\n<figure class=\"aligncenter size-full\" id=\"mlad\u00e9-dosp\u011bl\u00e9\" style=\"margin-right:0;margin-left:0\"><img loading=\"lazy\" decoding=\"async\" width=\"1408\" height=\"768\" data-id=\"1659\" src=\"https:\/\/terapieandrea.com\/wp-content\/uploads\/2026\/03\/1772624546214-1.png\" alt=\"\" class=\"wp-image-1659\" srcset=\"https:\/\/terapieandrea.com\/wp-content\/uploads\/2026\/03\/1772624546214-1.png 1408w, https:\/\/terapieandrea.com\/wp-content\/uploads\/2026\/03\/1772624546214-1-300x164.png 300w, https:\/\/terapieandrea.com\/wp-content\/uploads\/2026\/03\/1772624546214-1-1024x559.png 1024w, https:\/\/terapieandrea.com\/wp-content\/uploads\/2026\/03\/1772624546214-1-768x419.png 768w\" sizes=\"auto, (max-width: 1408px) 100vw, 1408px\" \/><\/figure>\n<\/div><\/figure>\n\n\n<style>.wp-block-kadence-advancedheading.kt-adv-heading1592_6e14a8-22, .wp-block-kadence-advancedheading.kt-adv-heading1592_6e14a8-22[data-kb-block=\"kb-adv-heading1592_6e14a8-22\"]{margin-top:0px;margin-bottom:var(--global-kb-spacing-sm, 1.5rem);font-size:var(--global-kb-font-size-lg, 2rem);line-height:1.3;font-style:normal;color:#297dbb;}.wp-block-kadence-advancedheading.kt-adv-heading1592_6e14a8-22 mark.kt-highlight, .wp-block-kadence-advancedheading.kt-adv-heading1592_6e14a8-22[data-kb-block=\"kb-adv-heading1592_6e14a8-22\"] mark.kt-highlight{font-style:normal;color:#f76a0c;-webkit-box-decoration-break:clone;box-decoration-break:clone;padding-top:0px;padding-right:0px;padding-bottom:0px;padding-left:0px;}.wp-block-kadence-advancedheading.kt-adv-heading1592_6e14a8-22 img.kb-inline-image, .wp-block-kadence-advancedheading.kt-adv-heading1592_6e14a8-22[data-kb-block=\"kb-adv-heading1592_6e14a8-22\"] img.kb-inline-image{width:150px;vertical-align:baseline;}<\/style>\n<h3 class=\"kt-adv-heading1592_6e14a8-22 wp-block-kadence-advancedheading has-theme-palette-9-background-color has-background\" data-kb-block=\"kb-adv-heading1592_6e14a8-22\"><a href=\"https:\/\/terapieandrea.com\/?page_id=1592\" data-type=\"page\" data-id=\"1592\">Letn\u00ed program<\/a> pro teenagery zam\u011b\u0159en\u00fd na stres, emoce a sebejistotu&nbsp;<\/h3>\n\n\n<style>.wp-block-kadence-advancedheading.kt-adv-heading1592_338064-bb, .wp-block-kadence-advancedheading.kt-adv-heading1592_338064-bb[data-kb-block=\"kb-adv-heading1592_338064-bb\"]{margin-bottom:0px;font-size:var(--global-kb-font-size-md, 1.25rem);line-height:1.6;font-style:normal;color:#291c04;}.wp-block-kadence-advancedheading.kt-adv-heading1592_338064-bb mark.kt-highlight, .wp-block-kadence-advancedheading.kt-adv-heading1592_338064-bb[data-kb-block=\"kb-adv-heading1592_338064-bb\"] mark.kt-highlight{font-style:normal;color:#f76a0c;-webkit-box-decoration-break:clone;box-decoration-break:clone;padding-top:0px;padding-right:0px;padding-bottom:0px;padding-left:0px;}.wp-block-kadence-advancedheading.kt-adv-heading1592_338064-bb img.kb-inline-image, .wp-block-kadence-advancedheading.kt-adv-heading1592_338064-bb[data-kb-block=\"kb-adv-heading1592_338064-bb\"] img.kb-inline-image{width:150px;vertical-align:baseline;}<\/style>\n<p class=\"kt-adv-heading1592_338064-bb wp-block-kadence-advancedheading\" data-kb-block=\"kb-adv-heading1592_338064-bb\"><strong>M\u00edsto kon\u00e1n\u00ed:<\/strong>&nbsp;J\u00f3gov\u00e9 studio Loona v Karl\u00edn\u011b<br>K\u0159i\u017e\u00edkova 67 Praha 8, 5 minut od metra K\u0159i\u017e\u00edkova<\/p>\n\n\n\n<p class=\"has-text-color has-link-color has-medium-font-size wp-elements-b68226078165a7fce14bd894523e59d6\" style=\"color:#291c04\"><br><strong>Term\u00edn: 20. \u2013 24. 7. 2026, od 9:00 do 13:00 hod.<\/strong><br><strong>Co \u00fa\u010dastn\u00edky \u010dek\u00e1:&nbsp;<\/strong><br>Bezpe\u010dn\u00fd a podp\u016frn\u00fd kurz pro mlad\u00e9 ve v\u011bku 14-18 let, je zam\u011b\u0159en\u00fd na zvl\u00e1d\u00e1n\u00ed stresu a budov\u00e1n\u00ed psychick\u00e9 odolnosti. \u00da\u010dastn\u00edci si tedy odnesou znalosti o fungov\u00e1n\u00ed lidsk\u00e9 psychiky i praktick\u00e9 dovednosti. Nap\u0159. Jak funguje overthinking a jak s n\u00edm pracovat? Co d\u011blat, abych se mohl\/a l\u00e9pe soust\u0159edit? Jak l\u00e9pe sp\u00e1t? Co d\u011blat s negativn\u00edmi my\u0161lenkami a strachy? Jak b\u00fdt klidn\u011bj\u0161\u00ed?<br>Kurz prob\u00edh\u00e1 v mal\u00e9 skupin\u011b vrstevn\u00edk\u016f (max 15) a vede ho dvojice zku\u0161en\u00fdch psycholo\u017eek a lektorek Mgr. Iva Smolov\u00e1 a Mgr. Andrea Ku\u010derov\u00e1, kter\u00e9 pracuj\u00ed s touto v\u011bkovou skupinou p\u0159es 10 let.<br><strong>\u00da\u010dastn\u00edci se nau\u010d\u00ed:<\/strong><br>\u2022 l\u00e9pe rozum\u011bt sami sob\u011b<br>\u2022 zvl\u00e1dat stres a nap\u011bt\u00ed zdrav\u00fdm zp\u016fsobem&nbsp;<br>\u2022 pracovat s \u00fazkost\u00ed a p\u0159et\u00ed\u017een\u00edm<br>\u2022 posilovat sebev\u011bdom\u00ed a vnit\u0159n\u00ed jistotu<br>\u2022 hledat \u0159e\u0161en\u00ed m\u00edsto rezignace<br>Psychick\u00e1 odolnost nen\u00ed o tvrdosti. Je o dovednostech, kter\u00e9 pom\u00e1haj\u00ed zvl\u00e1dat \u017eivotn\u00ed v\u00fdzvy.&nbsp;<br><strong>Strava a pitn\u00fd re\u017eim:<\/strong>&nbsp;dopoledn\u00ed sva\u010dina, voda, \u010daj, k\u00e1va<br><strong>Cena kurzu:<\/strong>&nbsp;4 900 K\u010d, platebn\u00ed \u00fadaje po\u0161leme po registraci<br><strong>Podm\u00ednky storna:<\/strong><br>Odhl\u00e1\u0161en\u00ed \u00fa\u010dasti 11. 4. \u2013 17. 5. 2026 \u2013 storno poplatky 30 %&nbsp;<br>Odhl\u00e1\u0161en\u00ed \u00fa\u010dasti 18. 5. \u2013 31. 5. 2026 \u2013 storno poplatky 50 %&nbsp;<br>Odhl\u00e1\u0161en\u00ed \u00fa\u010dasti 1. 6. \u2013 14. 6. 2026 \u2013 storno poplatky 75 %&nbsp;<br>Odhl\u00e1\u0161en\u00ed \u00fa\u010dasti od 15. 6. 2026 \u2013 100% stornopoplatky<br>P\u0159i zaji\u0161t\u011bn\u00ed plat\u00edc\u00edho n\u00e1hradn\u00edka se vrac\u00ed cel\u00e1 zaplacen\u00e1 \u010d\u00e1stka.<br><strong>Cena zahrnuje: \u2705<\/strong>kompletn\u00ed program \u2705pitn\u00fd re\u017eim + sva\u010dina \u2705ve\u0161ker\u00fd materi\u00e1l<br><strong>Co vz\u00edt s sebou:&nbsp;<\/strong>pohodln\u00e9 oble\u010den\u00ed, sva\u010dinu v p\u0159\u00edpad\u011b speci\u00e1ln\u00edho stravov\u00e1n\u00ed<br><strong>Program nenahrazuje psychoterapeutickou p\u00e9\u010di, terapeutickou skupinu.<\/strong><\/p>\n<\/div><\/div>\n\n\n<style>.kadence-column1592_f1cb61-55 > .kt-inside-inner-col{display:flex;}.kadence-column1592_f1cb61-55 > .kt-inside-inner-col,.kadence-column1592_f1cb61-55 > .kt-inside-inner-col:before{border-top-left-radius:0px;border-top-right-radius:0px;border-bottom-right-radius:0px;border-bottom-left-radius:0px;}.kadence-column1592_f1cb61-55 > .kt-inside-inner-col{column-gap:var(--global-kb-gap-sm, 1rem);}.kadence-column1592_f1cb61-55 > .kt-inside-inner-col{flex-direction:column;justify-content:flex-start;}.kadence-column1592_f1cb61-55 > .kt-inside-inner-col > .aligncenter{width:100%;}.kt-row-column-wrap > .kadence-column1592_f1cb61-55{align-self:flex-start;}.kt-inner-column-height-full:not(.kt-has-1-columns) > .wp-block-kadence-column.kadence-column1592_f1cb61-55{align-self:auto;}.kt-inner-column-height-full:not(.kt-has-1-columns) > .wp-block-kadence-column.kadence-column1592_f1cb61-55 > .kt-inside-inner-col{flex-direction:column;justify-content:flex-start;}.kadence-column1592_f1cb61-55 > .kt-inside-inner-col:before{opacity:0.3;}.kadence-column1592_f1cb61-55{position:relative;}.kadence-column1592_f1cb61-55, .kt-inside-inner-col > .kadence-column1592_f1cb61-55:not(.specificity){margin-top:0px;margin-right:0px;margin-bottom:0px;margin-left:0px;}@media all and (max-width: 1024px){.kadence-column1592_f1cb61-55 > .kt-inside-inner-col{padding-right:var(--global-kb-spacing-xs, 1rem);padding-left:var(--global-kb-spacing-xs, 1rem);flex-direction:column;justify-content:flex-start;}}@media all and (max-width: 1024px){.kt-row-column-wrap > .kadence-column1592_f1cb61-55{align-self:flex-start;}}@media all and (max-width: 1024px){.kt-inner-column-height-full:not(.kt-has-1-columns) > .wp-block-kadence-column.kadence-column1592_f1cb61-55{align-self:auto;}}@media all and (max-width: 1024px){.kt-inner-column-height-full:not(.kt-has-1-columns) > .wp-block-kadence-column.kadence-column1592_f1cb61-55 > .kt-inside-inner-col{flex-direction:column;justify-content:flex-start;}}@media all and (max-width: 767px){.kadence-column1592_f1cb61-55 > .kt-inside-inner-col{padding-right:var(--global-kb-spacing-xxs, 0.5rem);padding-left:var(--global-kb-spacing-xxs, 0.5rem);flex-direction:column;justify-content:flex-start;}.kt-row-column-wrap > .kadence-column1592_f1cb61-55{align-self:flex-start;}.kt-inner-column-height-full:not(.kt-has-1-columns) > .wp-block-kadence-column.kadence-column1592_f1cb61-55{align-self:auto;}.kt-inner-column-height-full:not(.kt-has-1-columns) > .wp-block-kadence-column.kadence-column1592_f1cb61-55 > .kt-inside-inner-col{flex-direction:column;justify-content:flex-start;}}<\/style>\n<div class=\"wp-block-kadence-column kadence-column1592_f1cb61-55 inner-column-2\"><div class=\"kt-inside-inner-col\">\n<figure class=\"wp-block-image size-full has-custom-border is-style-rounded\"><img loading=\"lazy\" decoding=\"async\" width=\"707\" height=\"1000\" src=\"https:\/\/terapieandrea.com\/wp-content\/uploads\/2026\/04\/terapie-leto-1.jpg\" alt=\"\" class=\"wp-image-1823\" style=\"border-style:none;border-width:0px;border-top-left-radius:0px;border-top-right-radius:0px;border-bottom-left-radius:0px;border-bottom-right-radius:0px\" srcset=\"https:\/\/terapieandrea.com\/wp-content\/uploads\/2026\/04\/terapie-leto-1.jpg 707w, https:\/\/terapieandrea.com\/wp-content\/uploads\/2026\/04\/terapie-leto-1-212x300.jpg 212w\" sizes=\"auto, (max-width: 707px) 100vw, 707px\" \/><\/figure>\n<\/div><\/div>\n\n<\/div><\/div>\n\n<style>.wp-block-kadence-advancedbtn.kb-btns1592_8523fe-d8{gap:var(--global-kb-gap-xs, 0.5rem );justify-content:center;align-items:center;}.kt-btns1592_8523fe-d8 .kt-button{font-weight:normal;font-style:normal;}.kt-btns1592_8523fe-d8 .kt-btn-wrap-0{margin-right:5px;}.wp-block-kadence-advancedbtn.kt-btns1592_8523fe-d8 .kt-btn-wrap-0 .kt-button{color:#555555;border-color:#555555;}.wp-block-kadence-advancedbtn.kt-btns1592_8523fe-d8 .kt-btn-wrap-0 .kt-button:hover, .wp-block-kadence-advancedbtn.kt-btns1592_8523fe-d8 .kt-btn-wrap-0 .kt-button:focus{color:#ffffff;border-color:#444444;}.wp-block-kadence-advancedbtn.kt-btns1592_8523fe-d8 .kt-btn-wrap-0 .kt-button::before{display:none;}.wp-block-kadence-advancedbtn.kt-btns1592_8523fe-d8 .kt-btn-wrap-0 .kt-button:hover, .wp-block-kadence-advancedbtn.kt-btns1592_8523fe-d8 .kt-btn-wrap-0 .kt-button:focus{background:#444444;}<\/style>\n<div class=\"wp-block-kadence-advancedbtn kb-buttons-wrap kb-btns1592_8523fe-d8\"><style>ul.menu .wp-block-kadence-advancedbtn .kb-btn1592_c485bc-8f.kb-button{width:initial;}.wp-block-kadence-advancedbtn .kb-btn1592_c485bc-8f.kb-button{color:#58361f;background:var(--global-palette2, #2B6CB0);}<\/style><a class=\"kb-button kt-button button kb-btn1592_c485bc-8f kt-btn-size-large kt-btn-width-type-auto kb-btn-global-outline  kt-btn-has-text-true kt-btn-has-svg-false  wp-block-kadence-singlebtn\" href=\"https:\/\/terapieandrea.com\/?page_id=1477\"><span class=\"kt-btn-inner-text\">M\u00e1m z\u00e1jem<\/span><\/a><\/div>\n","protected":false},"excerpt":{"rendered":"<p>Letn\u00ed program pro teenagery zam\u011b\u0159en\u00fd na stres, emoce a sebejistotu&nbsp; M\u00edsto kon\u00e1n\u00ed:&nbsp;J\u00f3gov\u00e9 studio Loona v Karl\u00edn\u011bK\u0159i\u017e\u00edkova 67 Praha 8, 5 minut od metra K\u0159i\u017e\u00edkova Term\u00edn: 20. \u2013 24. 7. 2026, od 9:00 do 13:00 hod.Co \u00fa\u010dastn\u00edky \u010dek\u00e1:&nbsp;Bezpe\u010dn\u00fd a podp\u016frn\u00fd kurz pro mlad\u00e9 ve v\u011bku 14-18 let, je zam\u011b\u0159en\u00fd na zvl\u00e1d\u00e1n\u00ed stresu a budov\u00e1n\u00ed psychick\u00e9 odolnosti&#8230;.<\/p>\n","protected":false},"author":1,"featured_media":0,"parent":0,"menu_order":0,"comment_status":"closed","ping_status":"closed","template":"","meta":{"_kadence_starter_templates_imported_post":false,"_kad_post_transparent":"","_kad_post_title":"","_kad_post_layout":"","_kad_post_sidebar_id":"","_kad_post_content_style":"","_kad_post_vertical_padding":"","_kad_post_feature":"","_kad_post_feature_position":"","_kad_post_header":false,"_kad_post_footer":false,"_kad_post_classname":"","footnotes":""},"class_list":["post-1592","page","type-page","status-publish","hentry"],"_hostinger_reach_plugin_has_subscription_block":false,"_hostinger_reach_plugin_is_elementor":false,"_links":{"self":[{"href":"https:\/\/terapieandrea.com\/index.php?rest_route=\/wp\/v2\/pages\/1592","targetHints":{"allow":["GET"]}}],"collection":[{"href":"https:\/\/terapieandrea.com\/index.php?rest_route=\/wp\/v2\/pages"}],"about":[{"href":"https:\/\/terapieandrea.com\/index.php?rest_route=\/wp\/v2\/types\/page"}],"author":[{"embeddable":true,"href":"https:\/\/terapieandrea.com\/index.php?rest_route=\/wp\/v2\/users\/1"}],"replies":[{"embeddable":true,"href":"https:\/\/terapieandrea.com\/index.php?rest_route=%2Fwp%2Fv2%2Fcomments&post=1592"}],"version-history":[{"count":24,"href":"https:\/\/terapieandrea.com\/index.php?rest_route=\/wp\/v2\/pages\/1592\/revisions"}],"predecessor-version":[{"id":2081,"href":"https:\/\/terapieandrea.com\/index.php?rest_route=\/wp\/v2\/pages\/1592\/revisions\/2081"}],"wp:attachment":[{"href":"https:\/\/terapieandrea.com\/index.php?rest_route=%2Fwp%2Fv2%2Fmedia&parent=1592"}],"curies":[{"name":"wp","href":"https:\/\/api.w.org\/{rel}","templated":true}]}}