{"id":946,"date":"2026-02-21T17:29:53","date_gmt":"2026-02-21T17:29:53","guid":{"rendered":"https:\/\/terapieandrea.com\/about\/"},"modified":"2026-04-11T21:02:54","modified_gmt":"2026-04-11T19:02:54","slug":"about","status":"publish","type":"page","link":"https:\/\/terapieandrea.com\/?page_id=946","title":{"rendered":"O mn\u011b"},"content":{"rendered":"\n<div class=\"wp-block-group alignwide has-theme-palette-8-background-color has-background wp-container-1 is-position-sticky\" style=\"margin-top:0;margin-bottom:0;padding-top:7vw;padding-right:0vw;padding-bottom:7vw;padding-left:0vw\"><div class=\"wp-block-group__inner-container is-layout-flow wp-block-group-is-layout-flow\">\n<div class=\"wp-block-group alignwide is-vertical is-nowrap is-layout-flex wp-container-core-group-is-layout-8171334d wp-block-group-is-layout-flex\" style=\"padding-top:0;padding-right:0;padding-bottom:0;padding-left:0\">\n<div class=\"wp-block-columns alignwide is-layout-flex wp-container-core-columns-is-layout-2656d967 wp-block-columns-is-layout-flex\">\n<div class=\"wp-block-column is-layout-flow wp-block-column-is-layout-flow\" style=\"padding-top:0;padding-right:var(--wp--preset--spacing--70);padding-bottom:0;padding-left:var(--wp--preset--spacing--70)\" id=\"O-MN\u011a\">\n\n\n<p class=\"has-large-font-size\"><strong>Jmenuji se Andrea Ku\u010derov\u00e1. <\/strong><\/p>\n\n\n\n<p style=\"border-top-left-radius:0px;border-top-right-radius:0px;border-bottom-left-radius:0px;border-bottom-right-radius:0px;padding-top:0;padding-right:0;padding-bottom:0;padding-left:0;line-height:1.4\">Jsem psycholo\u017eka a terapeutka. Nab\u00edz\u00edm individu\u00e1ln\u00ed terapii v \u010desk\u00e9m, \u0161pan\u011blsk\u00e9m a anglick\u00e9m jazyce. Psychologii jsem vystudovala v Praze na Univerzit\u011b Karlov\u011b, na rok jsem ji vym\u011bnila za \u0161pan\u011blskou univerzitu v Santiagu de Compostela, kde jsem se inspirovala KBT metodami v psychoterapii. Jako sou\u010d\u00e1st kvalifika\u010dn\u00ed pr\u016fpravy pro v\u00fdkon psychoterapie ve zdravotnictv\u00ed jsem v roce 2021 dokon\u010dila v\u00fdcvik v integrovan\u00e9 rodinn\u00e9 terapii pod vzd\u011bl\u00e1vac\u00edm institutem Anima-terapie,o.s. B\u011bhem studia jsem se \u0161kolila v kurzu kompletn\u00ed krizov\u00e9 intervence D\u00e9\u010dko Liberec, seberozvojov\u00e9 Gestalt skupin\u011b v ateli\u00e9ru Terra, pr\u00e1ce s metodou hlin\u011bn\u00e9ho pole prof. Heinze Deusera, psychoterapii zam\u011b\u0159en\u00e9 na t\u011blo a na pozici psychologa OSPOD jsem si vyb\u00edrala kurzy zam\u011b\u0159en\u00e9 na l\u00e9\u010den\u00ed traumatu.<\/p>\n\n\n\n<p style=\"border-top-left-radius:0px;border-top-right-radius:0px;border-bottom-left-radius:0px;border-bottom-right-radius:0px;padding-top:0;padding-right:0;padding-bottom:0;padding-left:0;line-height:1.4\">Od roku 2019 se v\u011bnuji soukrom\u00e9 psychoterapeutick\u00e9 praxi. Specializuji se na rodi\u010dovsk\u00e9 poradenstv\u00ed, rodinnou terapii a individu\u00e1ln\u00ed psychoterapii pro dosp\u011bl\u00e9. P\u0159\u00edstupem je mi velmi bl\u00edzk\u00e1 Dr. Becky Kennedy a jej\u00ed u\u010den\u00ed Good Inside, ze kter\u00e9ho ve sv\u00e9 pr\u00e1ci hodn\u011b \u010derp\u00e1m. Zakl\u00e1d\u00e1 ho na skute\u010dnosti, \u017ee jsme v\u0161ichni uvnit\u0159 dob\u0159\u00ed. Podle n\u00ed je pot\u0159eba t\u00e9matu nejd\u0159\u00edv porozum\u011bt a potom se daj\u00ed v\u011bci m\u011bnit. Sd\u00edl\u00edm s n\u00ed tak\u00e9 nad\u0161en\u00ed pro praktick\u00e9 strategie. P\u0159ipravit se na zm\u011bny, kter\u00e9 n\u00e1s v \u017eivot\u011b \u010dekaj\u00ed, zvy\u0161ovat na\u0161\u00ed psychickou odolnost a schopnost zvl\u00e1dat n\u00e1ro\u010dn\u00e9 emoce jsou v\u0161echno dovednosti, kter\u00e9 se daj\u00ed nau\u010dit. Nab\u00edz\u00edm terapii v \u010de\u0161tin\u011b, \u0161pan\u011bl\u0161tin\u011b a angli\u010dtin\u011b. Pracuji pod pravidelnou superviz\u00ed PaedDr. Michaela Chytr\u00e9ho. Jsem \u0159\u00e1dn\u00fdm \u010dlenem \u010cesk\u00e9 asociace pro psychoterapii a \u0159\u00edd\u00edm se jej\u00edm etick\u00fdm kodexem.<\/p>\n<\/div>\n<\/div>\n\n\n\n<div class=\"wp-block-columns alignwide is-layout-flex wp-container-core-columns-is-layout-e51dc46a wp-block-columns-is-layout-flex\" style=\"margin-top:0;margin-bottom:0;padding-top:0;padding-bottom:0\">\n<div class=\"wp-block-column is-layout-flow wp-block-column-is-layout-flow\" style=\"flex-basis:69%\">\n<figure class=\"wp-block-image size-large is-resized is-style-rounded\" style=\"margin-top:0;margin-right:var(--wp--preset--spacing--50);margin-bottom:0;margin-left:var(--wp--preset--spacing--50)\"><img loading=\"lazy\" decoding=\"async\" width=\"1024\" height=\"683\" src=\"https:\/\/terapieandrea.com\/wp-content\/uploads\/2026\/03\/IMG_7964-1024x683.jpg\" alt=\"\" class=\"wp-image-1509\" style=\"aspect-ratio:1.499280476940999;width:606px;height:auto\" srcset=\"https:\/\/terapieandrea.com\/wp-content\/uploads\/2026\/03\/IMG_7964-1024x683.jpg 1024w, https:\/\/terapieandrea.com\/wp-content\/uploads\/2026\/03\/IMG_7964-300x200.jpg 300w, https:\/\/terapieandrea.com\/wp-content\/uploads\/2026\/03\/IMG_7964-768x512.jpg 768w, https:\/\/terapieandrea.com\/wp-content\/uploads\/2026\/03\/IMG_7964-1536x1024.jpg 1536w, https:\/\/terapieandrea.com\/wp-content\/uploads\/2026\/03\/IMG_7964-2048x1365.jpg 2048w\" sizes=\"auto, (max-width: 1024px) 100vw, 1024px\" \/><\/figure>\n<\/div>\n\n\n\n<div class=\"wp-block-column is-vertically-aligned-center is-layout-flow wp-block-column-is-layout-flow\" style=\"flex-basis:33%\">\n<p class=\"has-medium-font-size\" style=\"margin-right:var(--wp--preset--spacing--30);margin-left:var(--wp--preset--spacing--30);line-height:1.2\">2010 \u2013 2016 Filozofick\u00e1 fakulta Univerzity Karlovy v Praze, obor Psychologie<\/p>\n\n\n\n<p class=\"has-medium-font-size\" style=\"margin-right:var(--wp--preset--spacing--30);margin-left:var(--wp--preset--spacing--30);line-height:1.2\">2013 &#8211; 2014 Universidad Santiago de Compostela <\/p>\n\n\n\n<p>  V\u00fdcvik v Integrativn\u00ed rodinn\u00e9 terapii     <\/p>\n\n\n\n<p class=\"has-medium-font-size\" style=\"margin-right:var(--wp--preset--spacing--30);margin-left:var(--wp--preset--spacing--30);line-height:1.2\">Kompletn\u00ed krizov\u00e1 intervence (D\u00e9\u010dko Liberec z.s.)<\/p>\n\n\n\n<p class=\"has-medium-font-size\" style=\"margin-right:var(--wp--preset--spacing--30);margin-left:var(--wp--preset--spacing--30);line-height:1.2\">Gestalt v\u00fdcvik TERRA sebezku\u0161enostn\u00ed <\/p>\n\n\n\n<p class=\"has-medium-font-size\" style=\"margin-right:var(--wp--preset--spacing--30);margin-left:var(--wp--preset--spacing--30);line-height:1.2\">Kurz pr\u00e1ce v hlin\u011bn\u00e9m poli prof. Heinze Deusera  <\/p>\n\n\n\n<p class=\"has-medium-font-size\" style=\"margin-right:var(--wp--preset--spacing--30);margin-left:var(--wp--preset--spacing--30);line-height:1.2\">Psychoterapie zam\u011b\u0159en\u00e1 na t\u011blo, lektor doc. Radvan Bahbouh <\/p>\n\n\n\n<p class=\"has-medium-font-size\" style=\"margin-right:var(--wp--preset--spacing--30);margin-left:var(--wp--preset--spacing--30);line-height:1.2\">Bodyterapie, lektor PhDr. V\u00edt \u010celikovsk\u00fd<br><\/p>\n\n\n\n<p class=\"has-medium-font-size\" style=\"margin-top:0;margin-right:var(--wp--preset--spacing--30);margin-bottom:0;margin-left:var(--wp--preset--spacing--30);line-height:1.2\"><strong>PRAXE<\/strong><\/p>\n\n\n\n<p class=\"has-medium-font-size\" style=\"margin-top:0;margin-right:var(--wp--preset--spacing--30);margin-bottom:0;margin-left:var(--wp--preset--spacing--30);line-height:1.2\"><br>OSV\u010c terapeut <\/p>\n\n\n\n<p class=\"has-medium-font-size\" style=\"margin-top:0;margin-right:var(--wp--preset--spacing--30);margin-bottom:0;margin-left:var(--wp--preset--spacing--30);line-height:1.2\">Psycholo\u017eka na OSPOD M\u010c Praha 2<\/p>\n\n\n\n<p class=\"has-medium-font-size\" style=\"margin-top:0;margin-right:var(--wp--preset--spacing--30);margin-bottom:0;margin-left:var(--wp--preset--spacing--30);line-height:1.2\">Konzultant na Lince Bezpe\u010d\u00ed<br>Psycholo\u017eka v rehabilitaci ERGO Aktiv<\/p>\n\n\n\n<p class=\"has-medium-font-size\" style=\"margin-top:0;margin-right:var(--wp--preset--spacing--30);margin-bottom:0;margin-left:var(--wp--preset--spacing--30);line-height:1.2\"><br><\/p>\n<\/div>\n<\/div>\n<\/div>\n<\/div><\/div>\n","protected":false},"excerpt":{"rendered":"<p>Jmenuji se Andrea Ku\u010derov\u00e1. Jsem psycholo\u017eka a terapeutka. Nab\u00edz\u00edm individu\u00e1ln\u00ed terapii v \u010desk\u00e9m, \u0161pan\u011blsk\u00e9m a anglick\u00e9m jazyce. Psychologii jsem vystudovala v Praze na Univerzit\u011b Karlov\u011b, na rok jsem ji vym\u011bnila za \u0161pan\u011blskou univerzitu v Santiagu de Compostela, kde jsem se inspirovala KBT metodami v psychoterapii. Jako sou\u010d\u00e1st kvalifika\u010dn\u00ed pr\u016fpravy pro v\u00fdkon psychoterapie ve zdravotnictv\u00ed jsem&#8230;<\/p>\n","protected":false},"author":1,"featured_media":0,"parent":0,"menu_order":0,"comment_status":"closed","ping_status":"closed","template":"","meta":{"_kadence_starter_templates_imported_post":true,"_kad_post_transparent":"","_kad_post_title":"hide","_kad_post_layout":"normal","_kad_post_sidebar_id":"","_kad_post_content_style":"unboxed","_kad_post_vertical_padding":"hide","_kad_post_feature":"hide","_kad_post_feature_position":"","_kad_post_header":false,"_kad_post_footer":false,"_kad_post_classname":"","footnotes":""},"class_list":["post-946","page","type-page","status-publish","hentry"],"_hostinger_reach_plugin_has_subscription_block":false,"_hostinger_reach_plugin_is_elementor":false,"_links":{"self":[{"href":"https:\/\/terapieandrea.com\/index.php?rest_route=\/wp\/v2\/pages\/946","targetHints":{"allow":["GET"]}}],"collection":[{"href":"https:\/\/terapieandrea.com\/index.php?rest_route=\/wp\/v2\/pages"}],"about":[{"href":"https:\/\/terapieandrea.com\/index.php?rest_route=\/wp\/v2\/types\/page"}],"author":[{"embeddable":true,"href":"https:\/\/terapieandrea.com\/index.php?rest_route=\/wp\/v2\/users\/1"}],"replies":[{"embeddable":true,"href":"https:\/\/terapieandrea.com\/index.php?rest_route=%2Fwp%2Fv2%2Fcomments&post=946"}],"version-history":[{"count":44,"href":"https:\/\/terapieandrea.com\/index.php?rest_route=\/wp\/v2\/pages\/946\/revisions"}],"predecessor-version":[{"id":1996,"href":"https:\/\/terapieandrea.com\/index.php?rest_route=\/wp\/v2\/pages\/946\/revisions\/1996"}],"wp:attachment":[{"href":"https:\/\/terapieandrea.com\/index.php?rest_route=%2Fwp%2Fv2%2Fmedia&parent=946"}],"curies":[{"name":"wp","href":"https:\/\/api.w.org\/{rel}","templated":true}]}}